{"id":679,"date":"2025-05-23T17:26:48","date_gmt":"2025-05-23T16:26:48","guid":{"rendered":"https:\/\/abbes-avocat-conseil.com\/?page_id=679"},"modified":"2025-05-28T16:40:08","modified_gmt":"2025-05-28T15:40:08","slug":"accueil-3","status":"publish","type":"page","link":"https:\/\/abbes-avocat-conseil.com\/ar\/","title":{"rendered":"\u0627\u0644\u0635\u0641\u062d\u0629 \u0627\u0644\u0631\u0626\u064a\u0633\u064a\u0629"},"content":{"rendered":"<div data-elementor-type=\"wp-page\" data-elementor-id=\"679\" class=\"elementor elementor-679\">\n\t\t\t\t<div class=\"elementor-element elementor-element-e473193 e-flex e-con-boxed e-con e-parent\" data-id=\"e473193\" data-element_type=\"container\">\n\t\t\t\t\t<div class=\"e-con-inner\">\n\t\t\t\t<div class=\"elementor-element elementor-element-2b48ce4 elementor-widget elementor-widget-image\" data-id=\"2b48ce4\" data-element_type=\"widget\" data-widget_type=\"image.default\">\n\t\t\t\t<div class=\"elementor-widget-container\">\n\t\t\t\t\t\t\t\t\t\t\t\t\t\t\t<img fetchpriority=\"high\" decoding=\"async\" width=\"1041\" height=\"453\" src=\"https:\/\/abbes-avocat-conseil.com\/wp-content\/uploads\/2025\/05\/\u0627\u0644\u0645\u062d\u0627\u0645\u064a-\u0644\u062f\u0649-\u0627\u0644\u062a\u0639\u0642\u064a\u0628-LOGO-REC-2-4.jpg\" class=\"attachment-2048x2048 size-2048x2048 wp-image-733\" alt=\"\" srcset=\"https:\/\/abbes-avocat-conseil.com\/wp-content\/uploads\/2025\/05\/\u0627\u0644\u0645\u062d\u0627\u0645\u064a-\u0644\u062f\u0649-\u0627\u0644\u062a\u0639\u0642\u064a\u0628-LOGO-REC-2-4.jpg 1041w, https:\/\/abbes-avocat-conseil.com\/wp-content\/uploads\/2025\/05\/\u0627\u0644\u0645\u062d\u0627\u0645\u064a-\u0644\u062f\u0649-\u0627\u0644\u062a\u0639\u0642\u064a\u0628-LOGO-REC-2-4-300x131.jpg 300w, https:\/\/abbes-avocat-conseil.com\/wp-content\/uploads\/2025\/05\/\u0627\u0644\u0645\u062d\u0627\u0645\u064a-\u0644\u062f\u0649-\u0627\u0644\u062a\u0639\u0642\u064a\u0628-LOGO-REC-2-4-1024x446.jpg 1024w, https:\/\/abbes-avocat-conseil.com\/wp-content\/uploads\/2025\/05\/\u0627\u0644\u0645\u062d\u0627\u0645\u064a-\u0644\u062f\u0649-\u0627\u0644\u062a\u0639\u0642\u064a\u0628-LOGO-REC-2-4-768x334.jpg 768w, https:\/\/abbes-avocat-conseil.com\/wp-content\/uploads\/2025\/05\/\u0627\u0644\u0645\u062d\u0627\u0645\u064a-\u0644\u062f\u0649-\u0627\u0644\u062a\u0639\u0642\u064a\u0628-LOGO-REC-2-4-18x8.jpg 18w, https:\/\/abbes-avocat-conseil.com\/wp-content\/uploads\/2025\/05\/\u0627\u0644\u0645\u062d\u0627\u0645\u064a-\u0644\u062f\u0649-\u0627\u0644\u062a\u0639\u0642\u064a\u0628-LOGO-REC-2-4-454x198.jpg 454w\" sizes=\"(max-width: 1041px) 100vw, 1041px\" \/>\t\t\t\t\t\t\t\t\t\t\t\t\t\t\t<\/div>\n\t\t\t\t<\/div>\n\t\t\t\t\t<\/div>\n\t\t\t\t<\/div>\n\t\t<div class=\"elementor-element elementor-element-cb010b8 e-flex e-con-boxed e-con e-parent\" data-id=\"cb010b8\" data-element_type=\"container\">\n\t\t\t\t\t<div class=\"e-con-inner\">\n\t\t\t\t<div class=\"elementor-element elementor-element-d31c406 elementor-widget elementor-widget-heading\" data-id=\"d31c406\" data-element_type=\"widget\" data-widget_type=\"heading.default\">\n\t\t\t\t<div class=\"elementor-widget-container\">\n\t\t\t\t\t<h1 class=\"elementor-heading-title elementor-size-default\">\u0627\u0644\u0623\u0633\u062a\u0627\u0630 \u0623\u062d\u0645\u062f \u0639\u0628\u0627\u0633 \u2013 \u0645\u062d\u0627\u0645\u064a \u0644\u062f\u0649 \u0645\u062d\u0643\u0645\u0629 \u0627\u0644\u062a\u0639\u0642\u064a\u0628<\/h1>\t\t\t\t<\/div>\n\t\t\t\t<\/div>\n\t\t\t\t\t<\/div>\n\t\t\t\t<\/div>\n\t\t<div class=\"elementor-element elementor-element-30ad602 e-flex e-con-boxed e-con e-parent\" data-id=\"30ad602\" data-element_type=\"container\">\n\t\t\t\t\t<div class=\"e-con-inner\">\n\t\t<div class=\"elementor-element elementor-element-5d2863f e-con-full e-flex e-con e-child\" data-id=\"5d2863f\" data-element_type=\"container\">\n\t\t\t\t<div class=\"elementor-element elementor-element-b5478c7 elementor-widget elementor-widget-image\" data-id=\"b5478c7\" data-element_type=\"widget\" data-widget_type=\"image.default\">\n\t\t\t\t<div class=\"elementor-widget-container\">\n\t\t\t\t\t\t\t\t\t\t\t\t\t\t\t<img decoding=\"async\" width=\"159\" height=\"300\" src=\"https:\/\/abbes-avocat-conseil.com\/wp-content\/uploads\/2025\/05\/Maitre-Ahmed-ABBES-\u2013-Avocat-a-la-Cour-de-cassation-159x300.jpg\" class=\"attachment-medium size-medium wp-image-697\" alt=\"\" srcset=\"https:\/\/abbes-avocat-conseil.com\/wp-content\/uploads\/2025\/05\/Maitre-Ahmed-ABBES-\u2013-Avocat-a-la-Cour-de-cassation-159x300.jpg 159w, https:\/\/abbes-avocat-conseil.com\/wp-content\/uploads\/2025\/05\/Maitre-Ahmed-ABBES-\u2013-Avocat-a-la-Cour-de-cassation-541x1024.jpg 541w, https:\/\/abbes-avocat-conseil.com\/wp-content\/uploads\/2025\/05\/Maitre-Ahmed-ABBES-\u2013-Avocat-a-la-Cour-de-cassation-768x1453.jpg 768w, https:\/\/abbes-avocat-conseil.com\/wp-content\/uploads\/2025\/05\/Maitre-Ahmed-ABBES-\u2013-Avocat-a-la-Cour-de-cassation-812x1536.jpg 812w, https:\/\/abbes-avocat-conseil.com\/wp-content\/uploads\/2025\/05\/Maitre-Ahmed-ABBES-\u2013-Avocat-a-la-Cour-de-cassation-1083x2048.jpg 1083w, https:\/\/abbes-avocat-conseil.com\/wp-content\/uploads\/2025\/05\/Maitre-Ahmed-ABBES-\u2013-Avocat-a-la-Cour-de-cassation-6x12.jpg 6w, https:\/\/abbes-avocat-conseil.com\/wp-content\/uploads\/2025\/05\/Maitre-Ahmed-ABBES-\u2013-Avocat-a-la-Cour-de-cassation-454x859.jpg 454w, https:\/\/abbes-avocat-conseil.com\/wp-content\/uploads\/2025\/05\/Maitre-Ahmed-ABBES-\u2013-Avocat-a-la-Cour-de-cassation-scaled.jpg 1353w\" sizes=\"(max-width: 159px) 100vw, 159px\" \/>\t\t\t\t\t\t\t\t\t\t\t\t\t\t\t<\/div>\n\t\t\t\t<\/div>\n\t\t\t\t<\/div>\n\t\t<div class=\"elementor-element elementor-element-fd75492 e-con-full e-flex e-con e-child\" data-id=\"fd75492\" data-element_type=\"container\">\n\t\t<div class=\"elementor-element elementor-element-dc41e6f e-con-full e-flex e-con e-child\" data-id=\"dc41e6f\" data-element_type=\"container\">\n\t\t\t\t<div class=\"elementor-element elementor-element-d6d8b12 elementor-widget elementor-widget-text-editor\" data-id=\"d6d8b12\" data-element_type=\"widget\" data-widget_type=\"text-editor.default\">\n\t\t\t\t<div class=\"elementor-widget-container\">\n\t\t\t\t\t\t\t\t\t<p><span style=\"font-style: normal; font-variant-ligatures: normal; font-variant-caps: normal; font-weight: 400; color: #222222; font-family: 'Helvetica Neue', Helvetica, Arial, sans-serif; font-size: 16px;\">\u00a0\u0627\u0644\u0623\u0633\u062a\u0627\u0630 <\/span><span style=\"font-style: normal; font-variant-ligatures: normal; font-variant-caps: normal; color: #222222; font-family: 'Helvetica Neue', Helvetica, Arial, sans-serif; font-size: 16px;\"><b>\u0623\u062d\u0645\u062f \u0639\u0628\u0627\u0633<\/b><\/span><span style=\"font-style: normal; font-variant-ligatures: normal; font-variant-caps: normal; font-weight: 400; color: #222222; font-family: 'Helvetica Neue', Helvetica, Arial, sans-serif; font-size: 16px;\"> \u0645\u062d\u0627\u0645\u064a \u0644\u062f\u0649 \u0645\u062d\u0643\u0645\u0629 \u0627\u0644\u062a\u0639\u0642\u064a\u0628 \u0645\u062e\u062a\u0635 \u0641\u064a \u0642\u0627\u0646\u0648\u0646 \u0627\u0644\u0623\u0639\u0645\u0627\u0644 \u0648\u0627\u0644\u0634\u0631\u0643\u0627\u062a.<\/span><\/p><p style=\"color: #222222; font-family: 'Helvetica Neue', Helvetica, Arial, sans-serif; font-size: 16px; font-style: normal; font-variant-ligatures: normal; font-variant-caps: normal;\"><span style=\"font-weight: 400;\">\u0645\u0646\u0630 \u0623\u0643\u062b\u0631 \u0645\u0646 \u0639\u0642\u062f\u064a\u0646 \u0645\u0646 \u0627\u0644\u0632\u0645\u0646\u060c \u062a\u0645\u064a\u0651\u0632 \u0645\u0643\u062a\u0628 \u0627\u0644\u0623\u0633\u062a\u0627\u0630<\/span><b> \u0623\u062d\u0645\u062f \u0639\u0628\u0627\u0633 <\/b>\u0628\u062e\u0628\u0631\u062a\u0647 \u0627\u0644\u0645\u0639\u062a\u0631\u0641 \u0628\u0647\u0627 \u0641\u064a \u062a\u0642\u062f\u064a\u0645 \u0627\u0644\u0645\u0633\u0627\u0639\u062f\u0629 \u0627\u0644\u0642\u0627\u0646\u0648\u0646\u064a\u0629 \u0627\u0644\u0634\u0631\u0643\u0627\u062a \u0648 \u0627\u0644\u0645\u062f\u064a\u0631\u064a\u0646 \u0648 \u0627\u0644\u0645\u062c\u0645\u0648\u0639\u0627\u062a \u0648\u0627\u0644\u0645\u0624\u0633\u0633\u0627\u062a. \n\u064a\u062c\u0633\u062f \u0645\u0643\u062a\u0628 \u0627\u0644\u0623\u0633\u062a\u0627\u0630 \u0623\u062d\u0645\u062f \u0639\u0628\u0627\u0633 \u0627\u0644\u0645\u062d\u0627\u0645\u064a \u0644\u062f\u0649 \u0627\u0644\u062a\u0639\u0642\u064a\u0628 \u0645\u0645\u0627\u0631\u0633\u0629 \u0642\u0627\u0646\u0648\u0646\u064a\u0629 \u0635\u0627\u0631\u0645\u0629 \u0648 \u062f\u0642\u064a\u0642\u0629\u060c \u062a\u063a\u0630\u064a\u0647\u0627 \u062e\u0628\u0631\u0629 \u0633\u0646\u0648\u0627\u062a \u0645\u0646 \u0627\u0644\u0639\u0645\u0644 \u0641\u064a \u0627\u0644\u0645\u062c\u0627\u0644 \u0627\u0644\u0642\u0627\u0646\u0648\u0646\u064a \u0648 \u0641\u0647\u0645 \u062c\u064a\u062f \u0644\u0644\u0642\u0636\u0627\u064a\u0627 \u0627\u0644\u0627\u0642\u062a\u0635\u0627\u062f\u064a\u0629 \u0627\u0644\u0645\u0639\u0627\u0635\u0631\u0629.<\/p><p style=\"color: #222222; font-family: 'Helvetica Neue', Helvetica, Arial, sans-serif; font-size: 16px; font-style: normal; font-variant-ligatures: normal; font-variant-caps: normal;\">\u064a\u0642\u062f\u0645 \u0627\u0644\u0645\u0643\u062a\u0628 \u0631\u0624\u064a\u0629 \u0627\u0633\u062a\u0631\u0627\u062a\u064a\u062c\u064a\u0629 \u0644\u0644\u0645\u0633\u0627\u0639\u062f\u0629 \u0627\u0644\u0642\u0627\u0646\u0648\u0646\u064a\u0629 \u0645\u0628\u0646\u064a\u0629 \u0639\u0644\u0649 \u0627\u0644\u0627\u0633\u062a\u0645\u0627\u0639 \u0648\u0627\u0644\u062a\u062d\u0644\u064a\u0644 \u0627\u0644\u0645\u062a\u0639\u0645\u0642 \u0648 \u0627\u0644\u0627\u0633\u062a\u0634\u0627\u0631\u0629 \u0627\u0644\u062f\u0642\u064a\u0642\u0629 \u0648 \u0627\u0644\u0645\u0648\u062c\u0647\u0629\u060c \u0628\u0647\u062f\u0641 \u0648\u0627\u062d\u062f: \u062e\u062f\u0645\u0629 \u0645\u0635\u0627\u0644\u062d \u0627\u0644\u062d\u0631\u0641\u0627\u0621 \u0639\u0644\u0649 \u0623\u0641\u0636\u0644 \u0648\u062c\u0647 \u0648\u062a\u0642\u062f\u064a\u0645 \u062d\u0644\u0648\u0644 \u0630\u0627\u062a \u0642\u064a\u0645\u0629 \u0645\u0636\u0627\u0641\u0629 \u062d\u0642\u064a\u0642\u064a\u0629 \u0644\u0647\u0645.<\/p>\t\t\t\t\t\t\t\t<\/div>\n\t\t\t\t<\/div>\n\t\t\t\t<\/div>\n\t\t<div class=\"elementor-element elementor-element-6d3cbe9 e-con-full e-flex e-con e-child\" data-id=\"6d3cbe9\" data-element_type=\"container\">\n\t\t\t\t<div class=\"elementor-element elementor-element-7161b35 elementor-button-warning elementor-align-center elementor-widget elementor-widget-button\" data-id=\"7161b35\" data-element_type=\"widget\" data-widget_type=\"button.default\">\n\t\t\t\t<div class=\"elementor-widget-container\">\n\t\t\t\t\t\t\t\t\t<div class=\"elementor-button-wrapper\">\n\t\t\t\t\t<a class=\"elementor-button elementor-button-link elementor-size-sm\" href=\"https:\/\/abbes-avocat-conseil.com\/ar\/a-propos\/\">\n\t\t\t\t\t\t<span class=\"elementor-button-content-wrapper\">\n\t\t\t\t\t\t\t\t\t<span class=\"elementor-button-text\">\u0644\u0645\u0639\u0631\u0641\u0629 \u0627\u0644\u0645\u0632\u064a\u062f<\/span>\n\t\t\t\t\t<\/span>\n\t\t\t\t\t<\/a>\n\t\t\t\t<\/div>\n\t\t\t\t\t\t\t\t<\/div>\n\t\t\t\t<\/div>\n\t\t\t\t<\/div>\n\t\t\t\t<\/div>\n\t\t\t\t\t<\/div>\n\t\t\t\t<\/div>\n\t\t<div class=\"elementor-element elementor-element-b5f606c e-flex e-con-boxed e-con e-parent\" data-id=\"b5f606c\" data-element_type=\"container\">\n\t\t\t\t\t<div class=\"e-con-inner\">\n\t\t\t\t<div class=\"elementor-element elementor-element-9c23cfb elementor-widget elementor-widget-image\" data-id=\"9c23cfb\" data-element_type=\"widget\" data-widget_type=\"image.default\">\n\t\t\t\t<div class=\"elementor-widget-container\">\n\t\t\t\t\t\t\t\t\t\t\t\t\t\t\t<img decoding=\"async\" width=\"1024\" height=\"619\" src=\"https:\/\/abbes-avocat-conseil.com\/wp-content\/uploads\/2025\/04\/vecteezy_business-and-lawyers-discussing-contract-papers-with-brass_16855353-1024x619.jpg\" class=\"attachment-large size-large wp-image-644\" alt=\"\" srcset=\"https:\/\/abbes-avocat-conseil.com\/wp-content\/uploads\/2025\/04\/vecteezy_business-and-lawyers-discussing-contract-papers-with-brass_16855353-1024x619.jpg 1024w, https:\/\/abbes-avocat-conseil.com\/wp-content\/uploads\/2025\/04\/vecteezy_business-and-lawyers-discussing-contract-papers-with-brass_16855353-300x181.jpg 300w, https:\/\/abbes-avocat-conseil.com\/wp-content\/uploads\/2025\/04\/vecteezy_business-and-lawyers-discussing-contract-papers-with-brass_16855353-768x464.jpg 768w, https:\/\/abbes-avocat-conseil.com\/wp-content\/uploads\/2025\/04\/vecteezy_business-and-lawyers-discussing-contract-papers-with-brass_16855353-1536x929.jpg 1536w, https:\/\/abbes-avocat-conseil.com\/wp-content\/uploads\/2025\/04\/vecteezy_business-and-lawyers-discussing-contract-papers-with-brass_16855353-2048x1238.jpg 2048w, https:\/\/abbes-avocat-conseil.com\/wp-content\/uploads\/2025\/04\/vecteezy_business-and-lawyers-discussing-contract-papers-with-brass_16855353-454x274.jpg 454w\" sizes=\"(max-width: 1024px) 100vw, 1024px\" \/>\t\t\t\t\t\t\t\t\t\t\t\t\t\t\t<\/div>\n\t\t\t\t<\/div>\n\t\t\t\t\t<\/div>\n\t\t\t\t<\/div>\n\t\t\t\t<\/div>","protected":false},"excerpt":{"rendered":"<p>Ma\u00eetre Ahmed ABBES \u2013 Avocat \u00e0 la Cour de cassation \u00a0Ma\u00eetre Ahmed ABBES \u2013 Avocat \u00e0 la Cour de cassation Sp\u00e9cialiste en droit des affaires et des entreprises Depuis plus de deux d\u00e9cennies, le cabinet de Ma\u00eetre Ahmed ABBES s\u2019illustre par une expertise reconnue au service des entreprises, dirigeants, groupes et institutions. Avocat \u00e0 la [&hellip;]<\/p>","protected":false},"author":1,"featured_media":697,"parent":0,"menu_order":0,"comment_status":"closed","ping_status":"closed","template":"","meta":{"_uag_custom_page_level_css":"","ocean_post_layout":"","ocean_both_sidebars_style":"","ocean_both_sidebars_content_width":0,"ocean_both_sidebars_sidebars_width":0,"ocean_sidebar":"","ocean_second_sidebar":"","ocean_disable_margins":"enable","ocean_add_body_class":"","ocean_shortcode_before_top_bar":"","ocean_shortcode_after_top_bar":"","ocean_shortcode_before_header":"","ocean_shortcode_after_header":"","ocean_has_shortcode":"","ocean_shortcode_after_title":"","ocean_shortcode_before_footer_widgets":"","ocean_shortcode_after_footer_widgets":"","ocean_shortcode_before_footer_bottom":"","ocean_shortcode_after_footer_bottom":"","ocean_display_top_bar":"default","ocean_display_header":"default","ocean_header_style":"","ocean_center_header_left_menu":"","ocean_custom_header_template":"","ocean_custom_logo":0,"ocean_custom_retina_logo":0,"ocean_custom_logo_max_width":0,"ocean_custom_logo_tablet_max_width":0,"ocean_custom_logo_mobile_max_width":0,"ocean_custom_logo_max_height":0,"ocean_custom_logo_tablet_max_height":0,"ocean_custom_logo_mobile_max_height":0,"ocean_header_custom_menu":"","ocean_menu_typo_font_family":"","ocean_menu_typo_font_subset":"","ocean_menu_typo_font_size":0,"ocean_menu_typo_font_size_tablet":0,"ocean_menu_typo_font_size_mobile":0,"ocean_menu_typo_font_size_unit":"px","ocean_menu_typo_font_weight":"","ocean_menu_typo_font_weight_tablet":"","ocean_menu_typo_font_weight_mobile":"","ocean_menu_typo_transform":"","ocean_menu_typo_transform_tablet":"","ocean_menu_typo_transform_mobile":"","ocean_menu_typo_line_height":0,"ocean_menu_typo_line_height_tablet":0,"ocean_menu_typo_line_height_mobile":0,"ocean_menu_typo_line_height_unit":"","ocean_menu_typo_spacing":0,"ocean_menu_typo_spacing_tablet":0,"ocean_menu_typo_spacing_mobile":0,"ocean_menu_typo_spacing_unit":"","ocean_menu_link_color":"","ocean_menu_link_color_hover":"","ocean_menu_link_color_active":"","ocean_menu_link_background":"","ocean_menu_link_hover_background":"","ocean_menu_link_active_background":"","ocean_menu_social_links_bg":"","ocean_menu_social_hover_links_bg":"","ocean_menu_social_links_color":"","ocean_menu_social_hover_links_color":"","ocean_disable_title":"default","ocean_disable_heading":"default","ocean_post_title":"","ocean_post_subheading":"","ocean_post_title_style":"","ocean_post_title_background_color":"","ocean_post_title_background":0,"ocean_post_title_bg_image_position":"","ocean_post_title_bg_image_attachment":"","ocean_post_title_bg_image_repeat":"","ocean_post_title_bg_image_size":"","ocean_post_title_height":0,"ocean_post_title_bg_overlay":0.5,"ocean_post_title_bg_overlay_color":"","ocean_disable_breadcrumbs":"default","ocean_breadcrumbs_color":"","ocean_breadcrumbs_separator_color":"","ocean_breadcrumbs_links_color":"","ocean_breadcrumbs_links_hover_color":"","ocean_display_footer_widgets":"default","ocean_display_footer_bottom":"default","ocean_custom_footer_template":"","footnotes":""},"class_list":["post-679","page","type-page","status-publish","has-post-thumbnail","hentry","entry","has-media","owp-thumbs-layout-horizontal","owp-btn-big","owp-tabs-layout-horizontal","has-no-thumbnails","has-product-nav"],"uagb_featured_image_src":{"full":["https:\/\/abbes-avocat-conseil.com\/wp-content\/uploads\/2025\/05\/Maitre-Ahmed-ABBES-\u2013-Avocat-a-la-Cour-de-cassation-scaled.jpg",1353,2560,false],"thumbnail":["https:\/\/abbes-avocat-conseil.com\/wp-content\/uploads\/2025\/05\/Maitre-Ahmed-ABBES-\u2013-Avocat-a-la-Cour-de-cassation-150x150.jpg",150,150,true],"medium":["https:\/\/abbes-avocat-conseil.com\/wp-content\/uploads\/2025\/05\/Maitre-Ahmed-ABBES-\u2013-Avocat-a-la-Cour-de-cassation-159x300.jpg",159,300,true],"medium_large":["https:\/\/abbes-avocat-conseil.com\/wp-content\/uploads\/2025\/05\/Maitre-Ahmed-ABBES-\u2013-Avocat-a-la-Cour-de-cassation-768x1453.jpg",768,1453,true],"large":["https:\/\/abbes-avocat-conseil.com\/wp-content\/uploads\/2025\/05\/Maitre-Ahmed-ABBES-\u2013-Avocat-a-la-Cour-de-cassation-541x1024.jpg",541,1024,true],"1536x1536":["https:\/\/abbes-avocat-conseil.com\/wp-content\/uploads\/2025\/05\/Maitre-Ahmed-ABBES-\u2013-Avocat-a-la-Cour-de-cassation-812x1536.jpg",812,1536,true],"2048x2048":["https:\/\/abbes-avocat-conseil.com\/wp-content\/uploads\/2025\/05\/Maitre-Ahmed-ABBES-\u2013-Avocat-a-la-Cour-de-cassation-1083x2048.jpg",1083,2048,true],"trp-custom-language-flag":["https:\/\/abbes-avocat-conseil.com\/wp-content\/uploads\/2025\/05\/Maitre-Ahmed-ABBES-\u2013-Avocat-a-la-Cour-de-cassation-6x12.jpg",6,12,true],"ocean-thumb-m":["https:\/\/abbes-avocat-conseil.com\/wp-content\/uploads\/2025\/05\/Maitre-Ahmed-ABBES-\u2013-Avocat-a-la-Cour-de-cassation-600x600.jpg",600,600,true],"ocean-thumb-ml":["https:\/\/abbes-avocat-conseil.com\/wp-content\/uploads\/2025\/05\/Maitre-Ahmed-ABBES-\u2013-Avocat-a-la-Cour-de-cassation-800x450.jpg",800,450,true],"ocean-thumb-l":["https:\/\/abbes-avocat-conseil.com\/wp-content\/uploads\/2025\/05\/Maitre-Ahmed-ABBES-\u2013-Avocat-a-la-Cour-de-cassation-1200x700.jpg",1200,700,true],"woocommerce_thumbnail":["https:\/\/abbes-avocat-conseil.com\/wp-content\/uploads\/2025\/05\/Maitre-Ahmed-ABBES-\u2013-Avocat-a-la-Cour-de-cassation-348x464.jpg",348,464,true],"woocommerce_single":["https:\/\/abbes-avocat-conseil.com\/wp-content\/uploads\/2025\/05\/Maitre-Ahmed-ABBES-\u2013-Avocat-a-la-Cour-de-cassation-454x859.jpg",454,859,true],"woocommerce_gallery_thumbnail":["https:\/\/abbes-avocat-conseil.com\/wp-content\/uploads\/2025\/05\/Maitre-Ahmed-ABBES-\u2013-Avocat-a-la-Cour-de-cassation-100x100.jpg",100,100,true]},"uagb_author_info":{"display_name":"MCS","author_link":"https:\/\/abbes-avocat-conseil.com\/ar\/author\/mcs\/"},"uagb_comment_info":0,"uagb_excerpt":"Ma\u00eetre Ahmed ABBES \u2013 Avocat \u00e0 la Cour de cassation \u00a0Ma\u00eetre Ahmed ABBES \u2013 Avocat \u00e0 la Cour de cassation Sp\u00e9cialiste en droit des affaires et des entreprises Depuis plus de deux d\u00e9cennies, le cabinet de Ma\u00eetre Ahmed ABBES s\u2019illustre par une expertise reconnue au service des entreprises, dirigeants, groupes et institutions. Avocat \u00e0 la&hellip;","_links":{"self":[{"href":"https:\/\/abbes-avocat-conseil.com\/ar\/wp-json\/wp\/v2\/pages\/679","targetHints":{"allow":["GET"]}}],"collection":[{"href":"https:\/\/abbes-avocat-conseil.com\/ar\/wp-json\/wp\/v2\/pages"}],"about":[{"href":"https:\/\/abbes-avocat-conseil.com\/ar\/wp-json\/wp\/v2\/types\/page"}],"author":[{"embeddable":true,"href":"https:\/\/abbes-avocat-conseil.com\/ar\/wp-json\/wp\/v2\/users\/1"}],"replies":[{"embeddable":true,"href":"https:\/\/abbes-avocat-conseil.com\/ar\/wp-json\/wp\/v2\/comments?post=679"}],"version-history":[{"count":16,"href":"https:\/\/abbes-avocat-conseil.com\/ar\/wp-json\/wp\/v2\/pages\/679\/revisions"}],"predecessor-version":[{"id":738,"href":"https:\/\/abbes-avocat-conseil.com\/ar\/wp-json\/wp\/v2\/pages\/679\/revisions\/738"}],"wp:featuredmedia":[{"embeddable":true,"href":"https:\/\/abbes-avocat-conseil.com\/ar\/wp-json\/wp\/v2\/media\/697"}],"wp:attachment":[{"href":"https:\/\/abbes-avocat-conseil.com\/ar\/wp-json\/wp\/v2\/media?parent=679"}],"curies":[{"name":"wp","href":"https:\/\/api.w.org\/{rel}","templated":true}]}}